{"id":96,"date":"2012-06-18T15:51:30","date_gmt":"2012-06-18T16:51:30","guid":{"rendered":"http:\/\/dipavalibengal.com\/?page_id=96"},"modified":"2012-08-11T15:44:26","modified_gmt":"2012-08-11T13:44:26","slug":"bibliographie","status":"publish","type":"page","link":"http:\/\/dipavalibengal.com\/?page_id=96","title":{"rendered":"Bibliographie"},"content":{"rendered":"<p>Quelques livres qui nous ont plu (et aid\u00e9s).<\/p>\n<div id=\"attachment_351\" style=\"width: 212px\" class=\"wp-caption aligncenter\"><a href=\"http:\/\/dipavalibengal.com\/wp-content\/uploads\/2012\/06\/4de2793509a0ffb907574110.L._SL500_AA240_1.jpg\"><img loading=\"lazy\" decoding=\"async\" aria-describedby=\"caption-attachment-351\" class=\" wp-image-351\" title=\"4de2793509a0ffb907574110.L._SL500_AA240_\" src=\"http:\/\/dipavalibengal.com\/wp-content\/uploads\/2012\/06\/4de2793509a0ffb907574110.L._SL500_AA240_1.jpg\" alt=\"\" width=\"202\" height=\"301\" \/><\/a><p id=\"caption-attachment-351\" class=\"wp-caption-text\">Getting to know the Bengal cat, Gene Ducote<\/p><\/div>\n<div id=\"attachment_352\" style=\"width: 235px\" class=\"wp-caption aligncenter\"><a href=\"http:\/\/dipavalibengal.com\/wp-content\/uploads\/2012\/06\/41WEYHVXVFL._SS500_.jpg\"><img loading=\"lazy\" decoding=\"async\" aria-describedby=\"caption-attachment-352\" class=\" wp-image-352\" title=\"41WEYHVXVFL._SS500_\" src=\"http:\/\/dipavalibengal.com\/wp-content\/uploads\/2012\/06\/41WEYHVXVFL._SS500_.jpg\" alt=\"\" width=\"225\" height=\"314\" \/><\/a><p id=\"caption-attachment-352\" class=\"wp-caption-text\">Le Chat de Race, conseils d&rsquo;\u00e9levage &amp; abr\u00e9g\u00e9 de g\u00e9n\u00e9tique de la robe, Alyse Brisson<\/p><\/div>\n<div id=\"attachment_353\" style=\"width: 245px\" class=\"wp-caption aligncenter\"><a href=\"http:\/\/dipavalibengal.com\/wp-content\/uploads\/2012\/06\/51dQxw66KaL._SS500_.jpg\"><img loading=\"lazy\" decoding=\"async\" aria-describedby=\"caption-attachment-353\" class=\" wp-image-353\" title=\"51dQxw66KaL._SS500_\" src=\"http:\/\/dipavalibengal.com\/wp-content\/uploads\/2012\/06\/51dQxw66KaL._SS500_.jpg\" alt=\"\" width=\"235\" height=\"235\" srcset=\"http:\/\/dipavalibengal.com\/wp-content\/uploads\/2012\/06\/51dQxw66KaL._SS500_.jpg 500w, http:\/\/dipavalibengal.com\/wp-content\/uploads\/2012\/06\/51dQxw66KaL._SS500_-150x150.jpg 150w, http:\/\/dipavalibengal.com\/wp-content\/uploads\/2012\/06\/51dQxw66KaL._SS500_-300x300.jpg 300w\" sizes=\"auto, (max-width: 235px) 100vw, 235px\" \/><\/a><p id=\"caption-attachment-353\" class=\"wp-caption-text\">Tout sur la psychologie du chat, Jo\u00ebl Dehasse<\/p><\/div>\n<div id=\"attachment_354\" style=\"width: 225px\" class=\"wp-caption aligncenter\"><a href=\"http:\/\/dipavalibengal.com\/wp-content\/uploads\/2012\/06\/51z9u10cViL._SL500_AA240_.jpg\"><img loading=\"lazy\" decoding=\"async\" aria-describedby=\"caption-attachment-354\" class=\" wp-image-354\" title=\"51z9u10cViL._SL500_AA240_\" src=\"http:\/\/dipavalibengal.com\/wp-content\/uploads\/2012\/06\/51z9u10cViL._SL500_AA240_.jpg\" alt=\"\" width=\"215\" height=\"269\" \/><\/a><p id=\"caption-attachment-354\" class=\"wp-caption-text\">A propos du comportement de votre chat, Monique Bourdin<\/p><\/div>\n<p style=\"text-align: center;\">\n<p>&nbsp;<\/p>\n<p>&nbsp;<\/p>\n<p>&nbsp;<\/p>\n<p>&nbsp;<\/p>\n<p>&nbsp;<\/p>\n","protected":false},"excerpt":{"rendered":"<p>Quelques livres qui nous ont plu (et aid\u00e9s). &nbsp; &nbsp; &nbsp; &nbsp; &nbsp;<\/p>\n","protected":false},"author":1,"featured_media":331,"parent":41,"menu_order":3,"comment_status":"closed","ping_status":"open","template":"","meta":{"footnotes":""},"class_list":["post-96","page","type-page","status-publish","has-post-thumbnail","hentry"],"_links":{"self":[{"href":"http:\/\/dipavalibengal.com\/index.php?rest_route=\/wp\/v2\/pages\/96","targetHints":{"allow":["GET"]}}],"collection":[{"href":"http:\/\/dipavalibengal.com\/index.php?rest_route=\/wp\/v2\/pages"}],"about":[{"href":"http:\/\/dipavalibengal.com\/index.php?rest_route=\/wp\/v2\/types\/page"}],"author":[{"embeddable":true,"href":"http:\/\/dipavalibengal.com\/index.php?rest_route=\/wp\/v2\/users\/1"}],"replies":[{"embeddable":true,"href":"http:\/\/dipavalibengal.com\/index.php?rest_route=%2Fwp%2Fv2%2Fcomments&post=96"}],"version-history":[{"count":11,"href":"http:\/\/dipavalibengal.com\/index.php?rest_route=\/wp\/v2\/pages\/96\/revisions"}],"predecessor-version":[{"id":98,"href":"http:\/\/dipavalibengal.com\/index.php?rest_route=\/wp\/v2\/pages\/96\/revisions\/98"}],"up":[{"embeddable":true,"href":"http:\/\/dipavalibengal.com\/index.php?rest_route=\/wp\/v2\/pages\/41"}],"wp:featuredmedia":[{"embeddable":true,"href":"http:\/\/dipavalibengal.com\/index.php?rest_route=\/wp\/v2\/media\/331"}],"wp:attachment":[{"href":"http:\/\/dipavalibengal.com\/index.php?rest_route=%2Fwp%2Fv2%2Fmedia&parent=96"}],"curies":[{"name":"wp","href":"https:\/\/api.w.org\/{rel}","templated":true}]}}