{"id":62,"date":"2012-06-18T12:56:16","date_gmt":"2012-06-18T10:56:16","guid":{"rendered":"http:\/\/dipavalibengal.com\/?page_id=62"},"modified":"2020-10-17T17:39:38","modified_gmt":"2020-10-17T15:39:38","slug":"le-bengal-nouveau-est-arrive-chatons-disponibles","status":"publish","type":"page","link":"http:\/\/dipavalibengal.com\/?page_id=62","title":{"rendered":"Le bengal nouveau est arriv\u00e9"},"content":{"rendered":"\n<p>Vous trouverez ici les chatons disponibles \u00e0 la r\u00e9servation. Si cette rubrique est vide, n&rsquo;h\u00e9sitez pas \u00e0 <a title=\"Contact\" href=\"http:\/\/dipavalibengal.com\/?page_id=125\">nous contacter<\/a> car le site n&rsquo;est pas toujours \u00e0 jour en temps r\u00e9el.<\/p>\n","protected":false},"excerpt":{"rendered":"<p>Vous trouverez ici les chatons disponibles \u00e0 la r\u00e9servation. Si cette rubrique est vide, n&rsquo;h\u00e9sitez pas \u00e0 nous contacter car le site n&rsquo;est pas toujours \u00e0 jour en temps r\u00e9el.<\/p>\n","protected":false},"author":1,"featured_media":66,"parent":34,"menu_order":1,"comment_status":"closed","ping_status":"closed","template":"","meta":{"footnotes":""},"class_list":["post-62","page","type-page","status-publish","has-post-thumbnail","hentry"],"_links":{"self":[{"href":"http:\/\/dipavalibengal.com\/index.php?rest_route=\/wp\/v2\/pages\/62","targetHints":{"allow":["GET"]}}],"collection":[{"href":"http:\/\/dipavalibengal.com\/index.php?rest_route=\/wp\/v2\/pages"}],"about":[{"href":"http:\/\/dipavalibengal.com\/index.php?rest_route=\/wp\/v2\/types\/page"}],"author":[{"embeddable":true,"href":"http:\/\/dipavalibengal.com\/index.php?rest_route=\/wp\/v2\/users\/1"}],"replies":[{"embeddable":true,"href":"http:\/\/dipavalibengal.com\/index.php?rest_route=%2Fwp%2Fv2%2Fcomments&post=62"}],"version-history":[{"count":108,"href":"http:\/\/dipavalibengal.com\/index.php?rest_route=\/wp\/v2\/pages\/62\/revisions"}],"predecessor-version":[{"id":1863,"href":"http:\/\/dipavalibengal.com\/index.php?rest_route=\/wp\/v2\/pages\/62\/revisions\/1863"}],"up":[{"embeddable":true,"href":"http:\/\/dipavalibengal.com\/index.php?rest_route=\/wp\/v2\/pages\/34"}],"wp:featuredmedia":[{"embeddable":true,"href":"http:\/\/dipavalibengal.com\/index.php?rest_route=\/wp\/v2\/media\/66"}],"wp:attachment":[{"href":"http:\/\/dipavalibengal.com\/index.php?rest_route=%2Fwp%2Fv2%2Fmedia&parent=62"}],"curies":[{"name":"wp","href":"https:\/\/api.w.org\/{rel}","templated":true}]}}