{"id":34,"date":"2012-06-18T11:15:08","date_gmt":"2012-06-18T12:15:08","guid":{"rendered":"http:\/\/dipavalibengal.com\/?page_id=34"},"modified":"2025-05-16T16:12:38","modified_gmt":"2025-05-16T14:12:38","slug":"les-chatons","status":"publish","type":"page","link":"http:\/\/dipavalibengal.com\/?page_id=34","title":{"rendered":"Les Chatons"},"content":{"rendered":"<p>Les chatons partiront tous de la chatterie vaccin\u00e9s, identifi\u00e9s par puce et en possession de leur pedigree. Ils ne quitteront leur m\u00e8re qu&rsquo;apr\u00e8s l&rsquo;\u00e2ge de trois mois. C&rsquo;est pour vous la garantie qu&rsquo;ils seront en bonne sant\u00e9 et tr\u00e8s bien sociabilis\u00e9s. Si vous voulez en savoir plus sur le sujet, je vous invite \u00e0 lire l&rsquo;excellent article d&rsquo;Astarte Bengals.<br \/>\nUn ch\u00e8que de r\u00e9servation sera demand\u00e9 mais il ne sera pas encaiss\u00e9 avant la vente du chaton. Il ne le sera que si l\u2019acqu\u00e9reur ne donne pas suite.<br \/>\nSi vous voulez r\u00e9server un chaton contactez moi.<\/p>\n<ul>\n<li>06 51 60 55 14 (vous pouvez laisser un message)<\/li>\n<li>par mail : contact@dipavalibengal.com<\/li>\n<\/ul>\n<p>Comme j&rsquo;aime mes chats et mes chatons il va sans dire que j&rsquo;esp\u00e8re que vous aurez \u00e0 c\u0153ur de prendre soin des chatons que je vous confierai ils devront (comme il devrait aussi \u00eatre fait pour tous les chats de goutti\u00e8re) \u00eatre suivis chaque ann\u00e9e par un v\u00e9t\u00e9rinaire avoir une alimentation d&rsquo;abord adapt\u00e9e \u00e0 leur \u00e2ge puis sp\u00e9ciale chat st\u00e9rilis\u00e9 c&rsquo;est \u00e0 dire l\u00e9g\u00e8rement acide pour \u00e9viter la formation de calcul urinaire. C&rsquo;est le probl\u00e8me inh\u00e9rent \u00e0 tout chat adulte st\u00e9rilis\u00e9 que la st\u00e9rilisation ait \u00e9t\u00e9 pr\u00e9coce ou pas. Il faudra veiller \u00e0 ne pas changer leur alimentation tout de suite. Ils devront avoir \u00e0 leur disposition tout ce qui est n\u00e9cessaire \u00e0 leur bien \u00eatre. Si vous \u00eates int\u00e9ress\u00e9s par un bengal vous connaissez leur temp\u00e9rament ce sont des chats qui ont besoin d&rsquo;exercice. Un compagnon goutti\u00e8re ou de race peut \u00eatre le bienvenu si vous devez vous absenter souvent afin que le chat ne s&rsquo;ennuie pas.<\/p>\n<p>&gt; Voir les chatons disponibles<a title=\"Le bengal nouveau est arriv\u00e9\" href=\"http:\/\/dipavalibengal.com\/?page_id=62\"> ici<\/a>.<\/p>\n","protected":false},"excerpt":{"rendered":"<p>Les chatons partiront tous de la chatterie vaccin\u00e9s, identifi\u00e9s par puce et en possession de leur pedigree. Ils ne quitteront leur m\u00e8re qu&rsquo;apr\u00e8s l&rsquo;\u00e2ge de trois mois. C&rsquo;est pour vous la garantie qu&rsquo;ils seront en bonne sant\u00e9 et tr\u00e8s bien &hellip; <a href=\"http:\/\/dipavalibengal.com\/?page_id=34\">Continuer la lecture <span class=\"meta-nav\">&rarr;<\/span><\/a><\/p>\n","protected":false},"author":1,"featured_media":56,"parent":0,"menu_order":3,"comment_status":"closed","ping_status":"closed","template":"","meta":{"footnotes":""},"class_list":["post-34","page","type-page","status-publish","has-post-thumbnail","hentry"],"_links":{"self":[{"href":"http:\/\/dipavalibengal.com\/index.php?rest_route=\/wp\/v2\/pages\/34","targetHints":{"allow":["GET"]}}],"collection":[{"href":"http:\/\/dipavalibengal.com\/index.php?rest_route=\/wp\/v2\/pages"}],"about":[{"href":"http:\/\/dipavalibengal.com\/index.php?rest_route=\/wp\/v2\/types\/page"}],"author":[{"embeddable":true,"href":"http:\/\/dipavalibengal.com\/index.php?rest_route=\/wp\/v2\/users\/1"}],"replies":[{"embeddable":true,"href":"http:\/\/dipavalibengal.com\/index.php?rest_route=%2Fwp%2Fv2%2Fcomments&post=34"}],"version-history":[{"count":12,"href":"http:\/\/dipavalibengal.com\/index.php?rest_route=\/wp\/v2\/pages\/34\/revisions"}],"predecessor-version":[{"id":1900,"href":"http:\/\/dipavalibengal.com\/index.php?rest_route=\/wp\/v2\/pages\/34\/revisions\/1900"}],"wp:featuredmedia":[{"embeddable":true,"href":"http:\/\/dipavalibengal.com\/index.php?rest_route=\/wp\/v2\/media\/56"}],"wp:attachment":[{"href":"http:\/\/dipavalibengal.com\/index.php?rest_route=%2Fwp%2Fv2%2Fmedia&parent=34"}],"curies":[{"name":"wp","href":"https:\/\/api.w.org\/{rel}","templated":true}]}}