{"id":321,"date":"2012-08-10T17:45:06","date_gmt":"2012-08-10T15:45:06","guid":{"rendered":"http:\/\/dipavalibengal.com\/?page_id=321"},"modified":"2019-08-11T16:17:21","modified_gmt":"2019-08-11T14:17:21","slug":"hecate","status":"publish","type":"page","link":"http:\/\/dipavalibengal.com\/?page_id=321","title":{"rendered":"Hecate"},"content":{"rendered":"<p><img loading=\"lazy\" decoding=\"async\" class=\"aligncenter size-medium wp-image-483\" src=\"http:\/\/dipavalibengal.com\/wp-content\/uploads\/2012\/08\/hecate2-300x198.jpg\" alt=\"hecate2\" width=\"300\" height=\"198\" srcset=\"http:\/\/dipavalibengal.com\/wp-content\/uploads\/2012\/08\/hecate2-300x198.jpg 300w, http:\/\/dipavalibengal.com\/wp-content\/uploads\/2012\/08\/hecate2-1024x678.jpg 1024w, http:\/\/dipavalibengal.com\/wp-content\/uploads\/2012\/08\/hecate2-452x300.jpg 452w, http:\/\/dipavalibengal.com\/wp-content\/uploads\/2012\/08\/hecate2.jpg 1689w\" sizes=\"auto, (max-width: 300px) 100vw, 300px\" \/><\/p>\n<blockquote><p>Son nom : Dipavali bengal Hecate<br \/>\nP\u00e8re : <a href=\"http:\/\/dipavalibengal.com\/?page_id=217\" target=\"_blank\" rel=\"noopener noreferrer\">Astarte Greebo<\/a><br \/>\nM\u00e8re : <a href=\"http:\/\/dipavalibengal.com\/?page_id=229\" target=\"_blank\" rel=\"noopener noreferrer\">Diva de l&rsquo;art d\u00e9co<\/a><br \/>\nDate de naissance : 08\/03\/2012<br \/>\nEleveur : Dipavali bengal<br \/>\n<a href=\"https:\/\/www.bengal-data.com\/pedigree.php?catid=1d8395461b12c7&amp;max_level=5\" target=\"_blank\" rel=\"noopener noreferrer\">Pedigree<\/a><br \/>\nTest\u00e9e HCM le 27\/09\/2017 <a href=\"http:\/\/dipavalibengal.com\/wp-content\/uploads\/2018\/07\/Hecate_20170927.pdf\">Rapport<\/a><br \/>\nTest\u00e9e PKD le 11\/06\/15 <a href=\"http:\/\/dipavalibengal.com\/wp-content\/uploads\/2012\/08\/Hecate_20150611.pdf\">Rapport PKD Hecate<\/a><\/p><\/blockquote>\n","protected":false},"excerpt":{"rendered":"<p>Son nom : Dipavali bengal Hecate P\u00e8re : Astarte Greebo M\u00e8re : Diva de l&rsquo;art d\u00e9co Date de naissance : 08\/03\/2012 Eleveur : Dipavali bengal Pedigree Test\u00e9e HCM le 27\/09\/2017 Rapport Test\u00e9e PKD le 11\/06\/15 Rapport PKD Hecate<\/p>\n","protected":false},"author":1,"featured_media":0,"parent":774,"menu_order":0,"comment_status":"closed","ping_status":"closed","template":"","meta":{"footnotes":""},"class_list":["post-321","page","type-page","status-publish","hentry"],"_links":{"self":[{"href":"http:\/\/dipavalibengal.com\/index.php?rest_route=\/wp\/v2\/pages\/321","targetHints":{"allow":["GET"]}}],"collection":[{"href":"http:\/\/dipavalibengal.com\/index.php?rest_route=\/wp\/v2\/pages"}],"about":[{"href":"http:\/\/dipavalibengal.com\/index.php?rest_route=\/wp\/v2\/types\/page"}],"author":[{"embeddable":true,"href":"http:\/\/dipavalibengal.com\/index.php?rest_route=\/wp\/v2\/users\/1"}],"replies":[{"embeddable":true,"href":"http:\/\/dipavalibengal.com\/index.php?rest_route=%2Fwp%2Fv2%2Fcomments&post=321"}],"version-history":[{"count":14,"href":"http:\/\/dipavalibengal.com\/index.php?rest_route=\/wp\/v2\/pages\/321\/revisions"}],"predecessor-version":[{"id":1585,"href":"http:\/\/dipavalibengal.com\/index.php?rest_route=\/wp\/v2\/pages\/321\/revisions\/1585"}],"up":[{"embeddable":true,"href":"http:\/\/dipavalibengal.com\/index.php?rest_route=\/wp\/v2\/pages\/774"}],"wp:attachment":[{"href":"http:\/\/dipavalibengal.com\/index.php?rest_route=%2Fwp%2Fv2%2Fmedia&parent=321"}],"curies":[{"name":"wp","href":"https:\/\/api.w.org\/{rel}","templated":true}]}}