{"id":263,"date":"2012-08-10T15:12:09","date_gmt":"2012-08-10T13:12:09","guid":{"rendered":"http:\/\/dipavalibengal.com\/?page_id=263"},"modified":"2018-07-16T15:28:15","modified_gmt":"2018-07-16T13:28:15","slug":"griselda","status":"publish","type":"page","link":"http:\/\/dipavalibengal.com\/?page_id=263","title":{"rendered":"Griselda"},"content":{"rendered":"<p><img loading=\"lazy\" decoding=\"async\" class=\"aligncenter size-medium wp-image-472\" src=\"http:\/\/dipavalibengal.com\/wp-content\/uploads\/2012\/08\/griseld-300x201.jpg\" alt=\"griseld\" width=\"300\" height=\"201\" srcset=\"http:\/\/dipavalibengal.com\/wp-content\/uploads\/2012\/08\/griseld-300x201.jpg 300w, http:\/\/dipavalibengal.com\/wp-content\/uploads\/2012\/08\/griseld-1024x687.jpg 1024w, http:\/\/dipavalibengal.com\/wp-content\/uploads\/2012\/08\/griseld-447x300.jpg 447w\" sizes=\"auto, (max-width: 300px) 100vw, 300px\" \/><\/p>\n<blockquote><p>Son nom : Astarte Griselda<br \/>\nP\u00e8re : Jungletime Sucre Glace<br \/>\nM\u00e8re : Blackgold Sheerazade<br \/>\nDate de naissance : 25\/02\/2011<br \/>\nEleveur : Amelie Pilotte<br \/>\n<a href=\"https:\/\/www.bengal-data.com\/pedigree.php?catid=1d8294441c18c3&amp;max_level=5\" target=\"_blank\" rel=\"noopener\">Pedigree<\/a><br \/>\nTest\u00e9e HCM le 06\/03\/18 <a href=\"http:\/\/dipavalibengal.com\/wp-content\/uploads\/2018\/07\/Griselda_20180306.pdf\" target=\"_blank\" rel=\"noopener\">Rapport<\/a><br \/>\nTest\u00e9e PKD le 11\/06\/15 <a href=\"http:\/\/dipavalibengal.com\/wp-content\/uploads\/2012\/08\/Griselda_20150611.pdf\" target=\"_blank\" rel=\"noopener\">Rapport PKD Griselda<\/a><\/p>\n<p>&nbsp;<\/p>\n<p>&nbsp;<\/p><\/blockquote>\n<p><img loading=\"lazy\" decoding=\"async\" src=\"http:\/\/dipavalibengal.com\/wp-content\/uploads\/2012\/08\/gris1-300x181.jpg\" alt=\"gris1\" width=\"300\" height=\"181\" \/><\/p>\n<p>Avant ses premiers chatons, une chatte toute en douceur avec les humains, toute en tendresse et calins.<\/p>\n<p>Avec l&rsquo;arriv\u00e9e des premiers chatons, les humains sont oubli\u00e9s et elle deviens une m\u00e8re exemplaire. Elle nous a fait des chatons non seulement beaux et de qualit\u00e9 mais aussi avec un caract\u00e8re en or. Inutile de sociabiliser les chatons, la m\u00e8re a d\u00e9j\u00e0 fait le n\u00e9cessaire!<br \/>\nPour m\u00e9moire, nous lui devons<a href=\"http:\/\/dipavalibengal.com\/?page_id=825\" target=\"_blank\" rel=\"noopener\"> Isha<\/a> (Regional Winner, Supr\u00eame Grand Champion)<\/p>\n<p>Aujourd&rsquo;hui c&rsquo;est une jeune retrait\u00e9e et elle tiens compagnie \u00e0 <a href=\"http:\/\/dipavalibengal.com\/?page_id=406\" target=\"_blank\" rel=\"noopener\">Hengill<\/a> en attendant de trouver une famille d\u2019accueil.<br \/>\nMais elle est redevenue la chatte toute en douceur avec les humains comme dans sa jeunesse.<\/p>\n<p>&nbsp;<\/p>\n","protected":false},"excerpt":{"rendered":"<p>Son nom : Astarte Griselda P\u00e8re : Jungletime Sucre Glace M\u00e8re : Blackgold Sheerazade Date de naissance : 25\/02\/2011 Eleveur : Amelie Pilotte Pedigree Test\u00e9e HCM le 06\/03\/18 Rapport Test\u00e9e PKD le 11\/06\/15 Rapport PKD Griselda &nbsp; &nbsp; Avant ses &hellip; <a href=\"http:\/\/dipavalibengal.com\/?page_id=263\">Continuer la lecture <span class=\"meta-nav\">&rarr;<\/span><\/a><\/p>\n","protected":false},"author":1,"featured_media":0,"parent":774,"menu_order":0,"comment_status":"closed","ping_status":"closed","template":"","meta":{"footnotes":""},"class_list":["post-263","page","type-page","status-publish","hentry"],"_links":{"self":[{"href":"http:\/\/dipavalibengal.com\/index.php?rest_route=\/wp\/v2\/pages\/263","targetHints":{"allow":["GET"]}}],"collection":[{"href":"http:\/\/dipavalibengal.com\/index.php?rest_route=\/wp\/v2\/pages"}],"about":[{"href":"http:\/\/dipavalibengal.com\/index.php?rest_route=\/wp\/v2\/types\/page"}],"author":[{"embeddable":true,"href":"http:\/\/dipavalibengal.com\/index.php?rest_route=\/wp\/v2\/users\/1"}],"replies":[{"embeddable":true,"href":"http:\/\/dipavalibengal.com\/index.php?rest_route=%2Fwp%2Fv2%2Fcomments&post=263"}],"version-history":[{"count":24,"href":"http:\/\/dipavalibengal.com\/index.php?rest_route=\/wp\/v2\/pages\/263\/revisions"}],"predecessor-version":[{"id":1526,"href":"http:\/\/dipavalibengal.com\/index.php?rest_route=\/wp\/v2\/pages\/263\/revisions\/1526"}],"up":[{"embeddable":true,"href":"http:\/\/dipavalibengal.com\/index.php?rest_route=\/wp\/v2\/pages\/774"}],"wp:attachment":[{"href":"http:\/\/dipavalibengal.com\/index.php?rest_route=%2Fwp%2Fv2%2Fmedia&parent=263"}],"curies":[{"name":"wp","href":"https:\/\/api.w.org\/{rel}","templated":true}]}}