{"id":260,"date":"2012-08-10T15:11:43","date_gmt":"2012-08-10T13:11:43","guid":{"rendered":"http:\/\/dipavalibengal.com\/?page_id=260"},"modified":"2018-07-16T15:02:13","modified_gmt":"2018-07-16T13:02:13","slug":"galadriel","status":"publish","type":"page","link":"http:\/\/dipavalibengal.com\/?page_id=260","title":{"rendered":"Galadriel"},"content":{"rendered":"<p>&nbsp;<\/p>\n<p><img loading=\"lazy\" decoding=\"async\" class=\"aligncenter size-medium wp-image-468\" src=\"http:\/\/dipavalibengal.com\/wp-content\/uploads\/2012\/08\/galad1-300x167.jpg\" alt=\"galad1\" width=\"300\" height=\"167\" srcset=\"http:\/\/dipavalibengal.com\/wp-content\/uploads\/2012\/08\/galad1-300x167.jpg 300w, http:\/\/dipavalibengal.com\/wp-content\/uploads\/2012\/08\/galad1-1024x570.jpg 1024w, http:\/\/dipavalibengal.com\/wp-content\/uploads\/2012\/08\/galad1-500x278.jpg 500w\" sizes=\"auto, (max-width: 300px) 100vw, 300px\" \/><\/p>\n<blockquote><p>Son nom : Dipavali bengal Galadriel<br \/>\nP\u00e8re : <a href=\"http:\/\/dipavalibengal.com\/?page_id=217\" target=\"_blank\" rel=\"noopener\">Astarte Greebo<\/a><br \/>\nM\u00e8re : <a href=\"http:\/\/dipavalibengal.com\/?page_id=229\" target=\"_blank\" rel=\"noopener\">Diva de l&rsquo;art d\u00e9co<\/a><br \/>\nDate de naissance : 14\/02\/2011<br \/>\nEleveur : Dipavali bengal<br \/>\n<a href=\"https:\/\/www.bengal-data.com\/pedigree.php?catid=18879d431f&amp;max_level=5\" target=\"_blank\" rel=\"noopener\">Pedigree<\/a><br \/>\nTest\u00e9e HCM le 07\/06\/18 <a href=\"http:\/\/dipavalibengal.com\/wp-content\/uploads\/2018\/07\/Galadriel_20180607.pdf\" target=\"_blank\" rel=\"noopener\">Rapport<\/a><br \/>\nTest\u00e9e PKD le 11\/06\/15 <a href=\"http:\/\/dipavalibengal.com\/wp-content\/uploads\/2012\/08\/Galadriel_20150611.pdf\">Rapport \u00e9cho Galadriel<\/a><\/p><\/blockquote>\n<p><img loading=\"lazy\" decoding=\"async\" class=\"aligncenter size-medium wp-image-469\" src=\"http:\/\/dipavalibengal.com\/wp-content\/uploads\/2012\/08\/galad2-300x167.jpg\" alt=\"galad2\" width=\"300\" height=\"167\" srcset=\"http:\/\/dipavalibengal.com\/wp-content\/uploads\/2012\/08\/galad2-300x167.jpg 300w, http:\/\/dipavalibengal.com\/wp-content\/uploads\/2012\/08\/galad2-1024x571.jpg 1024w, http:\/\/dipavalibengal.com\/wp-content\/uploads\/2012\/08\/galad2-500x279.jpg 500w\" sizes=\"auto, (max-width: 300px) 100vw, 300px\" \/><\/p>\n","protected":false},"excerpt":{"rendered":"<p>&nbsp; Son nom : Dipavali bengal Galadriel P\u00e8re : Astarte Greebo M\u00e8re : Diva de l&rsquo;art d\u00e9co Date de naissance : 14\/02\/2011 Eleveur : Dipavali bengal Pedigree Test\u00e9e HCM le 07\/06\/18 Rapport Test\u00e9e PKD le 11\/06\/15 Rapport \u00e9cho Galadriel<\/p>\n","protected":false},"author":1,"featured_media":0,"parent":774,"menu_order":0,"comment_status":"closed","ping_status":"closed","template":"","meta":{"footnotes":""},"class_list":["post-260","page","type-page","status-publish","hentry"],"_links":{"self":[{"href":"http:\/\/dipavalibengal.com\/index.php?rest_route=\/wp\/v2\/pages\/260","targetHints":{"allow":["GET"]}}],"collection":[{"href":"http:\/\/dipavalibengal.com\/index.php?rest_route=\/wp\/v2\/pages"}],"about":[{"href":"http:\/\/dipavalibengal.com\/index.php?rest_route=\/wp\/v2\/types\/page"}],"author":[{"embeddable":true,"href":"http:\/\/dipavalibengal.com\/index.php?rest_route=\/wp\/v2\/users\/1"}],"replies":[{"embeddable":true,"href":"http:\/\/dipavalibengal.com\/index.php?rest_route=%2Fwp%2Fv2%2Fcomments&post=260"}],"version-history":[{"count":13,"href":"http:\/\/dipavalibengal.com\/index.php?rest_route=\/wp\/v2\/pages\/260\/revisions"}],"predecessor-version":[{"id":1521,"href":"http:\/\/dipavalibengal.com\/index.php?rest_route=\/wp\/v2\/pages\/260\/revisions\/1521"}],"up":[{"embeddable":true,"href":"http:\/\/dipavalibengal.com\/index.php?rest_route=\/wp\/v2\/pages\/774"}],"wp:attachment":[{"href":"http:\/\/dipavalibengal.com\/index.php?rest_route=%2Fwp%2Fv2%2Fmedia&parent=260"}],"curies":[{"name":"wp","href":"https:\/\/api.w.org\/{rel}","templated":true}]}}