{"id":227,"date":"2012-08-09T17:39:57","date_gmt":"2012-08-09T15:39:57","guid":{"rendered":"http:\/\/dipavalibengal.com\/?page_id=227"},"modified":"2014-01-01T15:43:07","modified_gmt":"2014-01-01T14:43:07","slug":"effie","status":"publish","type":"page","link":"http:\/\/dipavalibengal.com\/?page_id=227","title":{"rendered":"Effie"},"content":{"rendered":"<p>&nbsp;<\/p>\n<p><a href=\"http:\/\/dipavalibengal.com\/wp-content\/uploads\/2012\/08\/effievol2.jpg\"><img loading=\"lazy\" decoding=\"async\" class=\"aligncenter\" title=\"effievol2\" alt=\"\" src=\"http:\/\/dipavalibengal.com\/wp-content\/uploads\/2012\/08\/effievol2.jpg\" width=\"312\" height=\"221\" \/><\/a><\/p>\n<blockquote><p>Son nom : Dipavali Bengal Effie<br \/>\nP\u00e8re : Balibengal Belmondo<br \/>\nM\u00e8re : Diva de l&rsquo;art d\u00e9co<br \/>\nDate de naissance : 5\/8\/2009<br \/>\nEleveur : Dipavali bengal<br \/>\nTest\u00e9e HCM le 25\/04\/13 <a href=\"http:\/\/dipavalibengal.com\/wp-content\/uploads\/2012\/08\/Rapport-Effie-DIPAVALI-250413.pdf\" target=\"_blank\">Rapport \u00e9cho Effie <\/a><\/p><\/blockquote>\n<p>Effie est n\u00e9e chez nous, fille de Divali .Elle ne manifeste aucune bonne volont\u00e9 \u00e0 procr\u00e9er. Elle se r\u00e9v\u00e8le une agr\u00e9able compagnie pour Greebo.<\/p>\n<p>Avec le temps, elle a \u00e9t\u00e9 d\u00e9clar\u00e9e d\u00e9finitivement st\u00e9rile. Elle fera une excellente chatte de compagnie car malgr\u00e9 son caract\u00e8re affirm\u00e9, elle est tr\u00e8s douce et aime le contact avec les humains.<\/p>\n<p><a href=\"http:\/\/dipavalibengal.com\/wp-content\/uploads\/2012\/08\/effievol1.jpg\"><img loading=\"lazy\" decoding=\"async\" class=\"wp-image-272 alignleft\" title=\"effievol1\" alt=\"\" src=\"http:\/\/dipavalibengal.com\/wp-content\/uploads\/2012\/08\/effievol1.jpg\" width=\"196\" height=\"165\" \/><\/a><\/p>\n<p>&nbsp;<\/p>\n","protected":false},"excerpt":{"rendered":"<p>&nbsp; Son nom : Dipavali Bengal Effie P\u00e8re : Balibengal Belmondo M\u00e8re : Diva de l&rsquo;art d\u00e9co Date de naissance : 5\/8\/2009 Eleveur : Dipavali bengal Test\u00e9e HCM le 25\/04\/13 Rapport \u00e9cho Effie Effie est n\u00e9e chez nous, fille de &hellip; <a href=\"http:\/\/dipavalibengal.com\/?page_id=227\">Continuer la lecture <span class=\"meta-nav\">&rarr;<\/span><\/a><\/p>\n","protected":false},"author":1,"featured_media":0,"parent":774,"menu_order":0,"comment_status":"closed","ping_status":"closed","template":"","meta":{"footnotes":""},"class_list":["post-227","page","type-page","status-publish","hentry"],"_links":{"self":[{"href":"http:\/\/dipavalibengal.com\/index.php?rest_route=\/wp\/v2\/pages\/227","targetHints":{"allow":["GET"]}}],"collection":[{"href":"http:\/\/dipavalibengal.com\/index.php?rest_route=\/wp\/v2\/pages"}],"about":[{"href":"http:\/\/dipavalibengal.com\/index.php?rest_route=\/wp\/v2\/types\/page"}],"author":[{"embeddable":true,"href":"http:\/\/dipavalibengal.com\/index.php?rest_route=\/wp\/v2\/users\/1"}],"replies":[{"embeddable":true,"href":"http:\/\/dipavalibengal.com\/index.php?rest_route=%2Fwp%2Fv2%2Fcomments&post=227"}],"version-history":[{"count":14,"href":"http:\/\/dipavalibengal.com\/index.php?rest_route=\/wp\/v2\/pages\/227\/revisions"}],"predecessor-version":[{"id":1032,"href":"http:\/\/dipavalibengal.com\/index.php?rest_route=\/wp\/v2\/pages\/227\/revisions\/1032"}],"up":[{"embeddable":true,"href":"http:\/\/dipavalibengal.com\/index.php?rest_route=\/wp\/v2\/pages\/774"}],"wp:attachment":[{"href":"http:\/\/dipavalibengal.com\/index.php?rest_route=%2Fwp%2Fv2%2Fmedia&parent=227"}],"curies":[{"name":"wp","href":"https:\/\/api.w.org\/{rel}","templated":true}]}}