{"id":224,"date":"2012-08-09T17:33:11","date_gmt":"2012-08-09T15:33:11","guid":{"rendered":"http:\/\/dipavalibengal.com\/?page_id=224"},"modified":"2018-07-15T18:24:48","modified_gmt":"2018-07-15T16:24:48","slug":"friselis","status":"publish","type":"page","link":"http:\/\/dipavalibengal.com\/?page_id=224","title":{"rendered":"Friselis"},"content":{"rendered":"<p><a href=\"http:\/\/dipavalibengal.com\/wp-content\/uploads\/2012\/08\/friselisadulte.jpg\"><img loading=\"lazy\" decoding=\"async\" class=\"aligncenter size-full wp-image-243\" title=\"friselisadulte\" src=\"http:\/\/dipavalibengal.com\/wp-content\/uploads\/2012\/08\/friselisadulte.jpg\" alt=\"\" width=\"400\" height=\"602\" srcset=\"http:\/\/dipavalibengal.com\/wp-content\/uploads\/2012\/08\/friselisadulte.jpg 400w, http:\/\/dipavalibengal.com\/wp-content\/uploads\/2012\/08\/friselisadulte-199x300.jpg 199w\" sizes=\"auto, (max-width: 400px) 100vw, 400px\" \/><\/a><\/p>\n<blockquote><p>Son nom : RW QGCA Dipavali bengal Friselis<br \/>\nP\u00e8re : Dazzledots Magic<br \/>\nM\u00e8re : <a href=\"http:\/\/dipavalibengal.com\/?page_id=229\" target=\"_blank\" rel=\"noopener\">Diva de l&rsquo;Art D\u00e9co<\/a><br \/>\nDate de naissance : 19\/03\/2010<br \/>\nEleveur : Dipavali bengal<br \/>\n<a href=\"https:\/\/www.bengal-data.com\/pedigree.php?catid=1d829b411c16c3&amp;max_level=5\" target=\"_blank\" rel=\"noopener\">Pedigree<\/a><br \/>\nTest\u00e9 HCM le 16\/06\/16 <a href=\"http:\/\/dipavalibengal.com\/wp-content\/uploads\/2018\/07\/Friselis_20180306.pdf\">Rapport<\/a><br \/>\nTest\u00e9 PKD le 11\/06\/15 <a href=\"http:\/\/dipavalibengal.com\/wp-content\/uploads\/2012\/08\/Friselis_20150611.pdf\">Rapport PKD<\/a><\/p><\/blockquote>\n<p>Friselis est n\u00e9 chez nous. Il a appartenu\u00a0 \u00e0 Masa\u00ef Mara, chatterie partenaire et amie. Nous nous permettons de vous le montrer car il a remplac\u00e9 notre Fulgur, pr\u00e9matur\u00e9ment disparu d&rsquo;un cancer, aupr\u00e8s de nos femelles. Nous sommes tr\u00e8s heureux et tr\u00e8s fiers de ses r\u00e9sultats en concours. Il est actuellement Double Grand Champion en TICA et Champion d&rsquo;Europe en traditionnel.<\/p>\n<p>Il est aujourd&rsquo;hui st\u00e9rilis\u00e9 et Il a pris sa retraite chez nous. Il est en g\u00e9n\u00e9ral le premier \u00e0 accueillir nos visiteurs.<\/p>\n<p>Pour finir l&rsquo;histoire, Il a particip\u00e9 en Ao\u00fbt 2016 au safari Bengal d&rsquo;Hengein (Belgique) et nous a fait la surprise de tr\u00e8s bien se comporter (pour un retrait\u00e9) et il est aujourd&rsquo;hui Quadruple Grand Champion alter en TICA.<\/p>\n<p>&nbsp;<\/p>\n<p style=\"text-align: center;\"><a href=\"http:\/\/dipavalibengal.com\/wp-content\/uploads\/2013\/07\/Friselis.jpg\"><img loading=\"lazy\" decoding=\"async\" class=\" wp-image-884 alignleft\" src=\"http:\/\/dipavalibengal.com\/wp-content\/uploads\/2013\/07\/Friselis.jpg\" alt=\"Friselis\" width=\"215\" height=\"226\" srcset=\"http:\/\/dipavalibengal.com\/wp-content\/uploads\/2013\/07\/Friselis.jpg 1578w, http:\/\/dipavalibengal.com\/wp-content\/uploads\/2013\/07\/Friselis-285x300.jpg 285w, http:\/\/dipavalibengal.com\/wp-content\/uploads\/2013\/07\/Friselis-974x1024.jpg 974w\" sizes=\"auto, (max-width: 215px) 100vw, 215px\" \/><\/a> <a href=\"http:\/\/dipavalibengal.com\/wp-content\/uploads\/2013\/07\/Friselis2.jpg\"><img loading=\"lazy\" decoding=\"async\" class=\" wp-image-885 alignleft\" src=\"http:\/\/dipavalibengal.com\/wp-content\/uploads\/2013\/07\/Friselis2.jpg\" alt=\"Friselis2\" width=\"167\" height=\"250\" \/><\/a> <a href=\"http:\/\/dipavalibengal.com\/wp-content\/uploads\/2013\/07\/friselis3.jpg\"><img loading=\"lazy\" decoding=\"async\" class=\"wp-image-883 aligncenter\" src=\"http:\/\/dipavalibengal.com\/wp-content\/uploads\/2013\/07\/friselis3.jpg\" alt=\"friselis3\" width=\"184\" height=\"160\" \/><\/a><\/p>\n","protected":false},"excerpt":{"rendered":"<p>Son nom : RW QGCA Dipavali bengal Friselis P\u00e8re : Dazzledots Magic M\u00e8re : Diva de l&rsquo;Art D\u00e9co Date de naissance : 19\/03\/2010 Eleveur : Dipavali bengal Pedigree Test\u00e9 HCM le 16\/06\/16 Rapport Test\u00e9 PKD le 11\/06\/15 Rapport PKD Friselis &hellip; <a href=\"http:\/\/dipavalibengal.com\/?page_id=224\">Continuer la lecture <span class=\"meta-nav\">&rarr;<\/span><\/a><\/p>\n","protected":false},"author":1,"featured_media":0,"parent":774,"menu_order":0,"comment_status":"closed","ping_status":"closed","template":"","meta":{"footnotes":""},"class_list":["post-224","page","type-page","status-publish","hentry"],"_links":{"self":[{"href":"http:\/\/dipavalibengal.com\/index.php?rest_route=\/wp\/v2\/pages\/224","targetHints":{"allow":["GET"]}}],"collection":[{"href":"http:\/\/dipavalibengal.com\/index.php?rest_route=\/wp\/v2\/pages"}],"about":[{"href":"http:\/\/dipavalibengal.com\/index.php?rest_route=\/wp\/v2\/types\/page"}],"author":[{"embeddable":true,"href":"http:\/\/dipavalibengal.com\/index.php?rest_route=\/wp\/v2\/users\/1"}],"replies":[{"embeddable":true,"href":"http:\/\/dipavalibengal.com\/index.php?rest_route=%2Fwp%2Fv2%2Fcomments&post=224"}],"version-history":[{"count":21,"href":"http:\/\/dipavalibengal.com\/index.php?rest_route=\/wp\/v2\/pages\/224\/revisions"}],"predecessor-version":[{"id":1514,"href":"http:\/\/dipavalibengal.com\/index.php?rest_route=\/wp\/v2\/pages\/224\/revisions\/1514"}],"up":[{"embeddable":true,"href":"http:\/\/dipavalibengal.com\/index.php?rest_route=\/wp\/v2\/pages\/774"}],"wp:attachment":[{"href":"http:\/\/dipavalibengal.com\/index.php?rest_route=%2Fwp%2Fv2%2Fmedia&parent=224"}],"curies":[{"name":"wp","href":"https:\/\/api.w.org\/{rel}","templated":true}]}}