{"id":2,"date":"2012-01-22T16:00:38","date_gmt":"2012-01-22T15:00:38","guid":{"rendered":"http:\/\/dipavalibengal.com\/?page_id=2"},"modified":"2014-11-10T09:18:24","modified_gmt":"2014-11-10T08:18:24","slug":"page-d-exemple","status":"publish","type":"page","link":"http:\/\/dipavalibengal.com\/?page_id=2","title":{"rendered":"A Propos"},"content":{"rendered":"<p style=\"text-align: justify;\"><em>DIPAVALI BENGAL, une maison chatte.<\/em><\/p>\n<p style=\"text-align: justify;\">Dans notre maison, \u00e0 pas dansants, \u00e0 pas feutr\u00e9s ils sont petit \u00e0 petit entr\u00e9s et la maison les a bien accueilli; ce furent des chats de maison puis des chats bengals et petit \u00e0 petit la maison s&rsquo;est fait m\u00e8re chatte pour leur fournir tout ce dont ils avaient besoin. Comme beaucoup de maison de chats notre maison est devenue une maison chatte.<\/p>\n<p style=\"text-align: justify;\">Dipavali bengal la maison chatte a bien chang\u00e9 depuis ses d\u00e9buts. Il y a eu des bonheurs et des chagrins. (Notre premier bengal s&rsquo;est vraisemblablement noy\u00e9 dans son lac pr\u00e9f\u00e9r\u00e9 en marchant sur la glace qu&rsquo;il avait pris l&rsquo;habitude de traverser pendant les grands froids de l&rsquo;ann\u00e9e 2012. C&rsquo;est lui que vous voyez sur la banni\u00e8re de notre site.)<\/p>\n<p style=\"text-align: justify;\">&gt; Si vous voulez en savoir plus sur l&rsquo;activit\u00e9 de notre \u00e9levage de bengals, situ\u00e9e sur la communaut\u00e9 urbaine de Bordeaux en gironde,\u00a0 nous vous invitons \u00e0 visiter les diff\u00e9rentes pages de notre site, sinon vous pouvez nous contacter <a title=\"Contact\" href=\"http:\/\/dipavalibengal.com\/?page_id=125\">ici<\/a>.<\/p>\n<p>&nbsp;<\/p>\n","protected":false},"excerpt":{"rendered":"<p>DIPAVALI BENGAL, une maison chatte. Dans notre maison, \u00e0 pas dansants, \u00e0 pas feutr\u00e9s ils sont petit \u00e0 petit entr\u00e9s et la maison les a bien accueilli; ce furent des chats de maison puis des chats bengals et petit \u00e0 &hellip; <a href=\"http:\/\/dipavalibengal.com\/?page_id=2\">Continuer la lecture <span class=\"meta-nav\">&rarr;<\/span><\/a><\/p>\n","protected":false},"author":1,"featured_media":0,"parent":0,"menu_order":1,"comment_status":"closed","ping_status":"closed","template":"","meta":{"footnotes":""},"class_list":["post-2","page","type-page","status-publish","hentry"],"_links":{"self":[{"href":"http:\/\/dipavalibengal.com\/index.php?rest_route=\/wp\/v2\/pages\/2","targetHints":{"allow":["GET"]}}],"collection":[{"href":"http:\/\/dipavalibengal.com\/index.php?rest_route=\/wp\/v2\/pages"}],"about":[{"href":"http:\/\/dipavalibengal.com\/index.php?rest_route=\/wp\/v2\/types\/page"}],"author":[{"embeddable":true,"href":"http:\/\/dipavalibengal.com\/index.php?rest_route=\/wp\/v2\/users\/1"}],"replies":[{"embeddable":true,"href":"http:\/\/dipavalibengal.com\/index.php?rest_route=%2Fwp%2Fv2%2Fcomments&post=2"}],"version-history":[{"count":17,"href":"http:\/\/dipavalibengal.com\/index.php?rest_route=\/wp\/v2\/pages\/2\/revisions"}],"predecessor-version":[{"id":1208,"href":"http:\/\/dipavalibengal.com\/index.php?rest_route=\/wp\/v2\/pages\/2\/revisions\/1208"}],"wp:attachment":[{"href":"http:\/\/dipavalibengal.com\/index.php?rest_route=%2Fwp%2Fv2%2Fmedia&parent=2"}],"curies":[{"name":"wp","href":"https:\/\/api.w.org\/{rel}","templated":true}]}}