{"id":1685,"date":"2020-03-05T11:34:58","date_gmt":"2020-03-05T10:34:58","guid":{"rendered":"http:\/\/dipavalibengal.com\/?page_id=1685"},"modified":"2020-04-13T17:08:55","modified_gmt":"2020-04-13T15:08:55","slug":"pavai","status":"publish","type":"page","link":"http:\/\/dipavalibengal.com\/?page_id=1685","title":{"rendered":"P\u00e2va\u00ef"},"content":{"rendered":"\n<figure class=\"wp-block-gallery columns-2 wp-block-gallery-1 is-layout-flex wp-block-gallery-is-layout-flex\"><ul class=\"blocks-gallery-grid\"><li class=\"blocks-gallery-item\"><figure><img loading=\"lazy\" decoding=\"async\" width=\"1024\" height=\"500\" src=\"http:\/\/dipavalibengal.com\/wp-content\/uploads\/2019\/08\/pavai2-1024x500.jpg\" alt=\"\" data-id=\"1597\" data-link=\"http:\/\/dipavalibengal.com\/?attachment_id=1597\" class=\"wp-image-1597\" srcset=\"http:\/\/dipavalibengal.com\/wp-content\/uploads\/2019\/08\/pavai2-1024x500.jpg 1024w, http:\/\/dipavalibengal.com\/wp-content\/uploads\/2019\/08\/pavai2-300x147.jpg 300w, http:\/\/dipavalibengal.com\/wp-content\/uploads\/2019\/08\/pavai2-768x375.jpg 768w, http:\/\/dipavalibengal.com\/wp-content\/uploads\/2019\/08\/pavai2-500x244.jpg 500w, http:\/\/dipavalibengal.com\/wp-content\/uploads\/2019\/08\/pavai2.jpg 2025w\" sizes=\"auto, (max-width: 1024px) 100vw, 1024px\" \/><\/figure><\/li><li class=\"blocks-gallery-item\"><figure><img loading=\"lazy\" decoding=\"async\" width=\"1024\" height=\"683\" src=\"http:\/\/dipavalibengal.com\/wp-content\/uploads\/2020\/04\/IMG_7807-1024x683.jpg\" alt=\"\" data-id=\"1796\" data-link=\"http:\/\/dipavalibengal.com\/?attachment_id=1796\" class=\"wp-image-1796\" srcset=\"http:\/\/dipavalibengal.com\/wp-content\/uploads\/2020\/04\/IMG_7807-1024x683.jpg 1024w, http:\/\/dipavalibengal.com\/wp-content\/uploads\/2020\/04\/IMG_7807-300x200.jpg 300w, http:\/\/dipavalibengal.com\/wp-content\/uploads\/2020\/04\/IMG_7807-768x512.jpg 768w, http:\/\/dipavalibengal.com\/wp-content\/uploads\/2020\/04\/IMG_7807-1536x1024.jpg 1536w, http:\/\/dipavalibengal.com\/wp-content\/uploads\/2020\/04\/IMG_7807-2048x1365.jpg 2048w, http:\/\/dipavalibengal.com\/wp-content\/uploads\/2020\/04\/IMG_7807-450x300.jpg 450w\" sizes=\"auto, (max-width: 1024px) 100vw, 1024px\" \/><\/figure><\/li><li class=\"blocks-gallery-item\"><figure><img loading=\"lazy\" decoding=\"async\" width=\"1024\" height=\"683\" src=\"http:\/\/dipavalibengal.com\/wp-content\/uploads\/2020\/04\/IMG_7813-1024x683.jpg\" alt=\"\" data-id=\"1798\" data-full-url=\"http:\/\/dipavalibengal.com\/wp-content\/uploads\/2020\/04\/IMG_7813-scaled.jpg\" data-link=\"http:\/\/dipavalibengal.com\/?attachment_id=1798\" class=\"wp-image-1798\" srcset=\"http:\/\/dipavalibengal.com\/wp-content\/uploads\/2020\/04\/IMG_7813-1024x683.jpg 1024w, http:\/\/dipavalibengal.com\/wp-content\/uploads\/2020\/04\/IMG_7813-300x200.jpg 300w, http:\/\/dipavalibengal.com\/wp-content\/uploads\/2020\/04\/IMG_7813-768x512.jpg 768w, http:\/\/dipavalibengal.com\/wp-content\/uploads\/2020\/04\/IMG_7813-1536x1024.jpg 1536w, http:\/\/dipavalibengal.com\/wp-content\/uploads\/2020\/04\/IMG_7813-2048x1365.jpg 2048w, http:\/\/dipavalibengal.com\/wp-content\/uploads\/2020\/04\/IMG_7813-450x300.jpg 450w\" sizes=\"auto, (max-width: 1024px) 100vw, 1024px\" \/><\/figure><\/li><\/ul><\/figure>\n\n\n\n<blockquote class=\"wp-block-quote is-layout-flow wp-block-quote-is-layout-flow\"><p>Son nom : Dipavali bengal P\u00e2va\u00ef<br>P\u00e8re : <a href=\"http:\/\/dipavalibengal.com\/?page_id=1557\">SUNNY<\/a><br>M\u00e8re : <a href=\"http:\/\/dipavalibengal.com\/?page_id=1465\">DIPAVALI BENGAL MA\u00cfSSA<\/a><br>Date de naissance : 29\/05\/2019<br>Eleveur : Dipavali bengal<\/p><p><\/p><\/blockquote>\n\n\n\n<p>Trop jeune pour reproduire pour l&rsquo;instant mais nous pla\u00e7ons beaucoup d&rsquo;espoirs dans cette jeune femelle, tr\u00e8s douce de caract\u00e8re, tr\u00e8s violente dans le jeu. Elle vit actuellement avec nos retrait\u00e9s et n&rsquo;h\u00e9site pas \u00e0 \u00ab\u00a0agresser\u00a0\u00bb les plus grands (toujours pour jouer!).<\/p>\n","protected":false},"excerpt":{"rendered":"<p>Son nom : Dipavali bengal P\u00e2va\u00efP\u00e8re : SUNNYM\u00e8re : DIPAVALI BENGAL MA\u00cfSSADate de naissance : 29\/05\/2019Eleveur : Dipavali bengal Trop jeune pour reproduire pour l&rsquo;instant mais nous pla\u00e7ons beaucoup d&rsquo;espoirs dans cette jeune femelle, tr\u00e8s douce de caract\u00e8re, tr\u00e8s violente &hellip; <a href=\"http:\/\/dipavalibengal.com\/?page_id=1685\">Continuer la lecture <span class=\"meta-nav\">&rarr;<\/span><\/a><\/p>\n","protected":false},"author":1,"featured_media":0,"parent":147,"menu_order":0,"comment_status":"closed","ping_status":"closed","template":"","meta":{"footnotes":""},"class_list":["post-1685","page","type-page","status-publish","hentry"],"_links":{"self":[{"href":"http:\/\/dipavalibengal.com\/index.php?rest_route=\/wp\/v2\/pages\/1685","targetHints":{"allow":["GET"]}}],"collection":[{"href":"http:\/\/dipavalibengal.com\/index.php?rest_route=\/wp\/v2\/pages"}],"about":[{"href":"http:\/\/dipavalibengal.com\/index.php?rest_route=\/wp\/v2\/types\/page"}],"author":[{"embeddable":true,"href":"http:\/\/dipavalibengal.com\/index.php?rest_route=\/wp\/v2\/users\/1"}],"replies":[{"embeddable":true,"href":"http:\/\/dipavalibengal.com\/index.php?rest_route=%2Fwp%2Fv2%2Fcomments&post=1685"}],"version-history":[{"count":5,"href":"http:\/\/dipavalibengal.com\/index.php?rest_route=\/wp\/v2\/pages\/1685\/revisions"}],"predecessor-version":[{"id":1799,"href":"http:\/\/dipavalibengal.com\/index.php?rest_route=\/wp\/v2\/pages\/1685\/revisions\/1799"}],"up":[{"embeddable":true,"href":"http:\/\/dipavalibengal.com\/index.php?rest_route=\/wp\/v2\/pages\/147"}],"wp:attachment":[{"href":"http:\/\/dipavalibengal.com\/index.php?rest_route=%2Fwp%2Fv2%2Fmedia&parent=1685"}],"curies":[{"name":"wp","href":"https:\/\/api.w.org\/{rel}","templated":true}]}}