{"id":1557,"date":"2019-08-11T11:47:18","date_gmt":"2019-08-11T09:47:18","guid":{"rendered":"http:\/\/dipavalibengal.com\/?page_id=1557"},"modified":"2021-05-22T14:18:57","modified_gmt":"2021-05-22T12:18:57","slug":"sunny","status":"publish","type":"page","link":"http:\/\/dipavalibengal.com\/?page_id=1557","title":{"rendered":"Sunny"},"content":{"rendered":"<p style=\"text-align: center;\"><img loading=\"lazy\" decoding=\"async\" class=\"aligncenter size-full wp-image-1564\" src=\"http:\/\/dipavalibengal.com\/wp-content\/uploads\/2019\/08\/Sonnen-Licht-2.jpg\" alt=\"\" width=\"3951\" height=\"2634\" srcset=\"http:\/\/dipavalibengal.com\/wp-content\/uploads\/2019\/08\/Sonnen-Licht-2.jpg 3951w, http:\/\/dipavalibengal.com\/wp-content\/uploads\/2019\/08\/Sonnen-Licht-2-300x200.jpg 300w, http:\/\/dipavalibengal.com\/wp-content\/uploads\/2019\/08\/Sonnen-Licht-2-768x512.jpg 768w, http:\/\/dipavalibengal.com\/wp-content\/uploads\/2019\/08\/Sonnen-Licht-2-1024x683.jpg 1024w, http:\/\/dipavalibengal.com\/wp-content\/uploads\/2019\/08\/Sonnen-Licht-2-450x300.jpg 450w\" sizes=\"auto, (max-width: 3951px) 100vw, 3951px\" \/><\/p>\n<blockquote><p>Son nom :\u00a0 AL JANNA\u2019S SONNENLICHT<br \/>\nP\u00e8re : <a href=\"http:\/\/bengal24.de\/mediapool\/28\/283792\/resources\/45415018.jpg\" target=\"_blank\" rel=\"noopener noreferrer\">FRASERVALLEY DENALIS THUNDER<\/a><br \/>\nM\u00e8re :<a href=\"https:\/\/www.bengal-data.com\/pedigree.php?catid=1d8099431916c1&amp;max_level=5\" target=\"_blank\" rel=\"noopener noreferrer\"> LEOPARDCATS SWEAT SURPRISE<\/a><br \/>\nDate de naissance : 11\/08\/2018<br \/>\nEleveur : <a href=\"http:\/\/bengal24.de\" target=\"_blank\" rel=\"noopener noreferrer\">Anja &amp; Andreas PATZ<\/a><br \/>\n<a href=\"https:\/\/www.bengal-data.com\/pedigree.php?catid=1e879d45&amp;max_level=5\" target=\"_blank\" rel=\"noopener noreferrer\">Pedigree<\/a><br \/>\nTest\u00e9 HCM le 18\/04\/2021\u00a0 <a href=\"http:\/\/dipavalibengal.com\/wp-content\/uploads\/2021\/05\/Sunny_20210414.pdf\">Rapport<\/a><br \/>\nTest\u00e9 PKD le 09\/07\/2019 <a href=\"http:\/\/dipavalibengal.com\/wp-content\/uploads\/2019\/08\/Sunny_20190709-1.pdf\">Rapport<\/a><\/p><\/blockquote>\n<p>Son vrai nom est AL JANNA\u2019S SONNENLICHT mais son \u00e9leveur l&rsquo;avait surnomm\u00e9 Sunny et nous avons conserv\u00e9 cette habitude (c&rsquo;est plus simple!).<\/p>\n<p>Il provient d&rsquo;une chatterie situ\u00e9e en Allemagne, <a href=\"http:\/\/www.bengal24.de\/\" target=\"_blank\" rel=\"noopener noreferrer\">Al Jannas<\/a> qui produit des chats de grande qualit\u00e9 et en qui nous avons toute confiance en ce qui concerne la sant\u00e9, ce qui pour nous est primordial. Il va apporter du sang neuf dans nos lign\u00e9es.<\/p>\n<p>Il est actuellement <a href=\"http:\/\/dipavalibengal.com\/wp-content\/uploads\/2021\/01\/Triple_Champion.pdf\">Triple Champion<\/a> LOOF.<\/p>\n<p><img loading=\"lazy\" decoding=\"async\" class=\"aligncenter size-full wp-image-1567\" src=\"http:\/\/dipavalibengal.com\/wp-content\/uploads\/2019\/08\/MBN_3525_R.jpg\" alt=\"\" width=\"4914\" height=\"3276\" srcset=\"http:\/\/dipavalibengal.com\/wp-content\/uploads\/2019\/08\/MBN_3525_R.jpg 4914w, http:\/\/dipavalibengal.com\/wp-content\/uploads\/2019\/08\/MBN_3525_R-300x200.jpg 300w, http:\/\/dipavalibengal.com\/wp-content\/uploads\/2019\/08\/MBN_3525_R-768x512.jpg 768w, http:\/\/dipavalibengal.com\/wp-content\/uploads\/2019\/08\/MBN_3525_R-1024x683.jpg 1024w, http:\/\/dipavalibengal.com\/wp-content\/uploads\/2019\/08\/MBN_3525_R-450x300.jpg 450w\" sizes=\"auto, (max-width: 4914px) 100vw, 4914px\" \/><\/p>\n<p><img loading=\"lazy\" decoding=\"async\" class=\"aligncenter size-full wp-image-1568\" src=\"http:\/\/dipavalibengal.com\/wp-content\/uploads\/2019\/08\/Sonnen-Licht-11.jpg\" alt=\"\" width=\"4160\" height=\"2773\" srcset=\"http:\/\/dipavalibengal.com\/wp-content\/uploads\/2019\/08\/Sonnen-Licht-11.jpg 4160w, http:\/\/dipavalibengal.com\/wp-content\/uploads\/2019\/08\/Sonnen-Licht-11-300x200.jpg 300w, http:\/\/dipavalibengal.com\/wp-content\/uploads\/2019\/08\/Sonnen-Licht-11-768x512.jpg 768w, http:\/\/dipavalibengal.com\/wp-content\/uploads\/2019\/08\/Sonnen-Licht-11-1024x683.jpg 1024w, http:\/\/dipavalibengal.com\/wp-content\/uploads\/2019\/08\/Sonnen-Licht-11-450x300.jpg 450w\" sizes=\"auto, (max-width: 4160px) 100vw, 4160px\" \/><\/p>\n","protected":false},"excerpt":{"rendered":"<p>Son nom :\u00a0 AL JANNA\u2019S SONNENLICHT P\u00e8re : FRASERVALLEY DENALIS THUNDER M\u00e8re : LEOPARDCATS SWEAT SURPRISE Date de naissance : 11\/08\/2018 Eleveur : Anja &amp; Andreas PATZ Pedigree Test\u00e9 HCM le 18\/04\/2021\u00a0 Rapport Test\u00e9 PKD le 09\/07\/2019 Rapport Son vrai &hellip; <a href=\"http:\/\/dipavalibengal.com\/?page_id=1557\">Continuer la lecture <span class=\"meta-nav\">&rarr;<\/span><\/a><\/p>\n","protected":false},"author":1,"featured_media":0,"parent":137,"menu_order":0,"comment_status":"closed","ping_status":"closed","template":"","meta":{"footnotes":""},"class_list":["post-1557","page","type-page","status-publish","hentry"],"_links":{"self":[{"href":"http:\/\/dipavalibengal.com\/index.php?rest_route=\/wp\/v2\/pages\/1557","targetHints":{"allow":["GET"]}}],"collection":[{"href":"http:\/\/dipavalibengal.com\/index.php?rest_route=\/wp\/v2\/pages"}],"about":[{"href":"http:\/\/dipavalibengal.com\/index.php?rest_route=\/wp\/v2\/types\/page"}],"author":[{"embeddable":true,"href":"http:\/\/dipavalibengal.com\/index.php?rest_route=\/wp\/v2\/users\/1"}],"replies":[{"embeddable":true,"href":"http:\/\/dipavalibengal.com\/index.php?rest_route=%2Fwp%2Fv2%2Fcomments&post=1557"}],"version-history":[{"count":19,"href":"http:\/\/dipavalibengal.com\/index.php?rest_route=\/wp\/v2\/pages\/1557\/revisions"}],"predecessor-version":[{"id":1886,"href":"http:\/\/dipavalibengal.com\/index.php?rest_route=\/wp\/v2\/pages\/1557\/revisions\/1886"}],"up":[{"embeddable":true,"href":"http:\/\/dipavalibengal.com\/index.php?rest_route=\/wp\/v2\/pages\/137"}],"wp:attachment":[{"href":"http:\/\/dipavalibengal.com\/index.php?rest_route=%2Fwp%2Fv2%2Fmedia&parent=1557"}],"curies":[{"name":"wp","href":"https:\/\/api.w.org\/{rel}","templated":true}]}}