{"id":1465,"date":"2018-07-02T17:22:34","date_gmt":"2018-07-02T15:22:34","guid":{"rendered":"http:\/\/dipavalibengal.com\/?page_id=1465"},"modified":"2019-08-11T09:21:08","modified_gmt":"2019-08-11T07:21:08","slug":"maissa","status":"publish","type":"page","link":"http:\/\/dipavalibengal.com\/?page_id=1465","title":{"rendered":"Ma\u00efssa"},"content":{"rendered":"<p><img loading=\"lazy\" decoding=\"async\" class=\"aligncenter size-full wp-image-1466\" src=\"http:\/\/dipavalibengal.com\/wp-content\/uploads\/2017\/08\/IMG_5343.jpg\" alt=\"\" width=\"3072\" height=\"2048\" srcset=\"http:\/\/dipavalibengal.com\/wp-content\/uploads\/2017\/08\/IMG_5343.jpg 3072w, http:\/\/dipavalibengal.com\/wp-content\/uploads\/2017\/08\/IMG_5343-300x200.jpg 300w, http:\/\/dipavalibengal.com\/wp-content\/uploads\/2017\/08\/IMG_5343-768x512.jpg 768w, http:\/\/dipavalibengal.com\/wp-content\/uploads\/2017\/08\/IMG_5343-1024x683.jpg 1024w, http:\/\/dipavalibengal.com\/wp-content\/uploads\/2017\/08\/IMG_5343-450x300.jpg 450w\" sizes=\"auto, (max-width: 3072px) 100vw, 3072px\" \/><\/p>\n<p>&nbsp;<\/p>\n<blockquote><p>Son nom : Dipavali bengal Ma\u00efssa<br \/>\nP\u00e8re : <a href=\"http:\/\/dipavalibengal.com\/?page_id=406\" target=\"_blank\" rel=\"noopener noreferrer\">SUNSHINE HENGILL<\/a><br \/>\nM\u00e8re : DIPAVALI BENGAL ISADORA<br \/>\nDate de naissance : 22\/01\/2016<br \/>\nEleveur : Dipavali bengal<br \/>\n<a href=\"https:\/\/www.bengal-data.com\/pedigree.php?catid=1d809a411f10c6&amp;max_level=5\" target=\"_blank\" rel=\"noopener noreferrer\">Pedigree<\/a><br \/>\nTest\u00e9e HCM le 29\/11\/2017 <a href=\"http:\/\/dipavalibengal.com\/wp-content\/uploads\/2018\/07\/Maissa_20171129.pdf\" target=\"_blank\" rel=\"noopener noreferrer\">Rapport<\/a><\/p><\/blockquote>\n","protected":false},"excerpt":{"rendered":"<p>&nbsp; Son nom : Dipavali bengal Ma\u00efssa P\u00e8re : SUNSHINE HENGILL M\u00e8re : DIPAVALI BENGAL ISADORA Date de naissance : 22\/01\/2016 Eleveur : Dipavali bengal Pedigree Test\u00e9e HCM le 29\/11\/2017 Rapport<\/p>\n","protected":false},"author":1,"featured_media":0,"parent":147,"menu_order":0,"comment_status":"closed","ping_status":"closed","template":"","meta":{"footnotes":""},"class_list":["post-1465","page","type-page","status-publish","hentry"],"_links":{"self":[{"href":"http:\/\/dipavalibengal.com\/index.php?rest_route=\/wp\/v2\/pages\/1465","targetHints":{"allow":["GET"]}}],"collection":[{"href":"http:\/\/dipavalibengal.com\/index.php?rest_route=\/wp\/v2\/pages"}],"about":[{"href":"http:\/\/dipavalibengal.com\/index.php?rest_route=\/wp\/v2\/types\/page"}],"author":[{"embeddable":true,"href":"http:\/\/dipavalibengal.com\/index.php?rest_route=\/wp\/v2\/users\/1"}],"replies":[{"embeddable":true,"href":"http:\/\/dipavalibengal.com\/index.php?rest_route=%2Fwp%2Fv2%2Fcomments&post=1465"}],"version-history":[{"count":8,"href":"http:\/\/dipavalibengal.com\/index.php?rest_route=\/wp\/v2\/pages\/1465\/revisions"}],"predecessor-version":[{"id":1545,"href":"http:\/\/dipavalibengal.com\/index.php?rest_route=\/wp\/v2\/pages\/1465\/revisions\/1545"}],"up":[{"embeddable":true,"href":"http:\/\/dipavalibengal.com\/index.php?rest_route=\/wp\/v2\/pages\/147"}],"wp:attachment":[{"href":"http:\/\/dipavalibengal.com\/index.php?rest_route=%2Fwp%2Fv2%2Fmedia&parent=1465"}],"curies":[{"name":"wp","href":"https:\/\/api.w.org\/{rel}","templated":true}]}}